{"id":4441,"date":"2024-09-19T14:10:06","date_gmt":"2024-09-19T14:10:06","guid":{"rendered":"https:\/\/savangard.com\/?page_id=4441"},"modified":"2024-09-19T14:53:01","modified_gmt":"2024-09-19T14:53:01","slug":"sygnalisci","status":"publish","type":"page","link":"https:\/\/savangard.com\/pl\/sygnalisci\/","title":{"rendered":"Sygnali\u015bci"},"content":{"rendered":"<section class=\"simple-hero alignwide  simple-hero__bg \" id=\"section-1\">\n  <div class=\"container\">\n    <div class=\"row\" data-aos=\"fade-up\">\n      <div class=\"col-lg-1\">\n              <\/div>\n      <div class=\"col-lg-10\">\n                  <h1 class=\"simple-hero--heading h1\">Ochrona Sygnalist\u00f3w<\/h1>\n                          <p class=\"simple-hero--desc section-common-1--desc\">Zg\u0142o\u015b nieprawid\u0142owo\u015bci bezpiecznie i&nbsp;w zgodzie z&nbsp;ustaw\u0105 o&nbsp;ochronie sygnalist\u00f3w. <\/p>\n              <\/div>\n    <\/div>\n  <\/div>\n<\/section>\n\n  \n\n\n<section class=\"list-heading-desc alignwide with-decorator\" data-next=\"1\" id=\"section-2\">\n  <div class=\"container\">\n    <div class=\"row justify-content-center\">\n      <div class=\"col-lg-8\">\n                  <div class=\"list-heading-desc--decorator\" data-aos=\"zoom-in\" data-aos-delay=\"500\"><\/div>\n        \n                  <div class=\"row list-heading-desc--item\" data-aos=\"fade-up\">\n            <div class=\"col-12\">\n              <hr class=\"list-heading-desc--line\">\n            <\/div>\n\n            <div class=\"col-lg-6\">\n              <h2 class=\"list-heading-desc--heading\">Kim s\u0105 sygnali\u015bci?<\/h2>\n\n                          <\/div>\n\n            <div class=\"col-lg-6\">\n              <div class=\"list-heading-desc--desc\">\n                Sygnali\u015bci to osoby, kt\u00f3re zg\u0142aszaj\u0105 nieprawid\u0142owo\u015bci lub naruszenia, o&nbsp;kt\u00f3rych dowiedzia\u0142y si\u0119 w&nbsp;kontek\u015bcie zwi\u0105zanym z&nbsp;prac\u0105, dzia\u0142aj\u0105c w&nbsp;interesie publicznym. Ich ochrona jest zagwarantowana przez ustaw\u0119 o&nbsp;ochronie sygnalist\u00f3w, kt\u00f3ra ma na celu zapewnienie im bezpiecze\u0144stwa przed dzia\u0142aniami odwetowymi. W naszej firmie wdro\u017cyli\u015bmy te przepisy z&nbsp;najwy\u017csz\u0105 staranno\u015bci\u0105, tworz\u0105c transparentny system zg\u0142aszania nadu\u017cy\u0107. Dzi\u0119ki temu sygnali\u015bci mog\u0105 bez obaw zg\u0142asza\u0107 nieprawid\u0142owo\u015bci, maj\u0105c pewno\u015b\u0107, \u017ce ich prawa s\u0105 przestrzegane.<br \/>\r\n<br \/>\r\n<a href=\"https:\/\/savangard.com\/wp-content\/uploads\/2024\/09\/Regulamin-okreslajacy-procedure-przyjmowania-zgloszen-wewnetrznych-w-Savangard-Sp.-z-o.o-na-strone.pdf\" class=\"btn btn-outline-dark section-common-1--btn\" target=\"\">Regulamin<\/a>\n              <\/div>\n            <\/div>\n\n                      <\/div>\n        \n      <\/div>\n    <\/div>\n  <\/div>\n<\/section>\n\n\n\n<section class=\"banner-cta alignwide\" id=\"section-3\">\n  <div class=\"common--lights\"><\/div>\n  <div class=\"container\">\n    <div class=\"row justify-content-center\" data-aos=\"fade-up\">\n      <div class=\"col-lg-10\">\n        <div class=\"banner-cta--content\">\n                      <h2 class=\"banner-cta--heading\">Zg\u0142o\u015b Bezpiecznie Nadu\u017cycie <\/h2>\n                                <p class=\"banner-cta--desc\">Zg\u0142o\u015b bezpiecznie nau\u017cycie, kt\u00f3rego by\u0142e\u015b \u015bwiadkiem lub ofiar\u0105. <\/p>\n                                <div class=\"banner-cta--list-outer\">\n                            <div class=\"banner-cta--list row banner-cta--list__btns\">\n                                                      <div class=\"banner-cta--list-item col-auto\">\n                                                                    <div class=\"banner-cta--list-item-btn\">\n                          <a href=\"https:\/\/app.anonyme.pl\/report\/6514d4cd-9950-4505-8557-561aa651d940\" class=\"btn btn-outline-light \"\n                              rel=\"noopener\" target=\"_blank\" >\n                                                          Dodaj Zg\u0142oszenie \n                                                      <\/a>\n                        <\/div>\n                                          <\/div>\n                                                <\/div>\n            <\/div>\n                    <div class=\"banner-cta--decorator\" data-aos=\"zoom-in\" data-aos-delay=\"500\"><\/div>\n        <\/div>\n      <\/div>\n    <\/div>\n  <\/div>\n<\/section>\n\n","protected":false},"excerpt":{"rendered":"","protected":false},"author":4,"featured_media":0,"parent":0,"menu_order":0,"comment_status":"closed","ping_status":"closed","template":"","meta":{"_acf_changed":false,"inline_featured_image":false,"footnotes":""},"tags":[],"class_list":["post-4441","page","type-page","status-publish","hentry"],"acf":[],"yoast_head":"<!-- This site is optimized with the Yoast SEO plugin v26.9 - https:\/\/yoast.com\/product\/yoast-seo-wordpress\/ -->\n<title>Sygnali\u015bci - Savangard<\/title>\n<meta name=\"robots\" content=\"index, follow, max-snippet:-1, max-image-preview:large, max-video-preview:-1\" \/>\n<link rel=\"canonical\" href=\"https:\/\/savangard.com\/pl\/sygnalisci\/\" \/>\n<meta property=\"og:locale\" content=\"pl_PL\" \/>\n<meta property=\"og:type\" content=\"article\" \/>\n<meta property=\"og:title\" content=\"Sygnali\u015bci - Savangard\" \/>\n<meta property=\"og:url\" content=\"https:\/\/savangard.com\/pl\/sygnalisci\/\" \/>\n<meta property=\"og:site_name\" content=\"Savangard\" \/>\n<meta property=\"article:modified_time\" content=\"2024-09-19T14:53:01+00:00\" \/>\n<meta name=\"twitter:card\" content=\"summary_large_image\" \/>\n<script type=\"application\/ld+json\" class=\"yoast-schema-graph\">{\"@context\":\"https:\/\/schema.org\",\"@graph\":[{\"@type\":\"WebPage\",\"@id\":\"https:\/\/savangard.com\/pl\/sygnalisci\/\",\"url\":\"https:\/\/savangard.com\/pl\/sygnalisci\/\",\"name\":\"Sygnali\u015bci - Savangard\",\"isPartOf\":{\"@id\":\"https:\/\/savangard.com\/#website\"},\"datePublished\":\"2024-09-19T14:10:06+00:00\",\"dateModified\":\"2024-09-19T14:53:01+00:00\",\"breadcrumb\":{\"@id\":\"https:\/\/savangard.com\/pl\/sygnalisci\/#breadcrumb\"},\"inLanguage\":\"pl-PL\",\"potentialAction\":[{\"@type\":\"ReadAction\",\"target\":[\"https:\/\/savangard.com\/pl\/sygnalisci\/\"]}]},{\"@type\":\"BreadcrumbList\",\"@id\":\"https:\/\/savangard.com\/pl\/sygnalisci\/#breadcrumb\",\"itemListElement\":[{\"@type\":\"ListItem\",\"position\":1,\"name\":\"Home\",\"item\":\"https:\/\/savangard.com\/pl\/\"},{\"@type\":\"ListItem\",\"position\":2,\"name\":\"Sygnali\u015bci\"}]},{\"@type\":\"WebSite\",\"@id\":\"https:\/\/savangard.com\/#website\",\"url\":\"https:\/\/savangard.com\/\",\"name\":\"Savangard\",\"description\":\"\",\"potentialAction\":[{\"@type\":\"SearchAction\",\"target\":{\"@type\":\"EntryPoint\",\"urlTemplate\":\"https:\/\/savangard.com\/?s={search_term_string}\"},\"query-input\":{\"@type\":\"PropertyValueSpecification\",\"valueRequired\":true,\"valueName\":\"search_term_string\"}}],\"inLanguage\":\"pl-PL\"}]}<\/script>\n<!-- \/ Yoast SEO plugin. -->","yoast_head_json":{"title":"Sygnali\u015bci - Savangard","robots":{"index":"index","follow":"follow","max-snippet":"max-snippet:-1","max-image-preview":"max-image-preview:large","max-video-preview":"max-video-preview:-1"},"canonical":"https:\/\/savangard.com\/pl\/sygnalisci\/","og_locale":"pl_PL","og_type":"article","og_title":"Sygnali\u015bci - Savangard","og_url":"https:\/\/savangard.com\/pl\/sygnalisci\/","og_site_name":"Savangard","article_modified_time":"2024-09-19T14:53:01+00:00","twitter_card":"summary_large_image","schema":{"@context":"https:\/\/schema.org","@graph":[{"@type":"WebPage","@id":"https:\/\/savangard.com\/pl\/sygnalisci\/","url":"https:\/\/savangard.com\/pl\/sygnalisci\/","name":"Sygnali\u015bci - Savangard","isPartOf":{"@id":"https:\/\/savangard.com\/#website"},"datePublished":"2024-09-19T14:10:06+00:00","dateModified":"2024-09-19T14:53:01+00:00","breadcrumb":{"@id":"https:\/\/savangard.com\/pl\/sygnalisci\/#breadcrumb"},"inLanguage":"pl-PL","potentialAction":[{"@type":"ReadAction","target":["https:\/\/savangard.com\/pl\/sygnalisci\/"]}]},{"@type":"BreadcrumbList","@id":"https:\/\/savangard.com\/pl\/sygnalisci\/#breadcrumb","itemListElement":[{"@type":"ListItem","position":1,"name":"Home","item":"https:\/\/savangard.com\/pl\/"},{"@type":"ListItem","position":2,"name":"Sygnali\u015bci"}]},{"@type":"WebSite","@id":"https:\/\/savangard.com\/#website","url":"https:\/\/savangard.com\/","name":"Savangard","description":"","potentialAction":[{"@type":"SearchAction","target":{"@type":"EntryPoint","urlTemplate":"https:\/\/savangard.com\/?s={search_term_string}"},"query-input":{"@type":"PropertyValueSpecification","valueRequired":true,"valueName":"search_term_string"}}],"inLanguage":"pl-PL"}]}},"_links":{"self":[{"href":"https:\/\/savangard.com\/pl\/wp-json\/wp\/v2\/pages\/4441","targetHints":{"allow":["GET"]}}],"collection":[{"href":"https:\/\/savangard.com\/pl\/wp-json\/wp\/v2\/pages"}],"about":[{"href":"https:\/\/savangard.com\/pl\/wp-json\/wp\/v2\/types\/page"}],"author":[{"embeddable":true,"href":"https:\/\/savangard.com\/pl\/wp-json\/wp\/v2\/users\/4"}],"replies":[{"embeddable":true,"href":"https:\/\/savangard.com\/pl\/wp-json\/wp\/v2\/comments?post=4441"}],"version-history":[{"count":145,"href":"https:\/\/savangard.com\/pl\/wp-json\/wp\/v2\/pages\/4441\/revisions"}],"predecessor-version":[{"id":5973,"href":"https:\/\/savangard.com\/pl\/wp-json\/wp\/v2\/pages\/4441\/revisions\/5973"}],"wp:attachment":[{"href":"https:\/\/savangard.com\/pl\/wp-json\/wp\/v2\/media?parent=4441"}],"wp:term":[{"taxonomy":"post_tag","embeddable":true,"href":"https:\/\/savangard.com\/pl\/wp-json\/wp\/v2\/tags?post=4441"}],"curies":[{"name":"wp","href":"https:\/\/api.w.org\/{rel}","templated":true}]}}