{"id":367,"date":"2022-05-04T16:45:51","date_gmt":"2022-05-04T16:45:51","guid":{"rendered":"https:\/\/savangard.com\/?page_id=367"},"modified":"2026-01-29T10:29:31","modified_gmt":"2026-01-29T10:29:31","slug":"brief","status":"publish","type":"page","link":"https:\/\/savangard.com\/pl\/brief\/","title":{"rendered":"Brief"},"content":{"rendered":"","protected":false},"excerpt":{"rendered":"","protected":false},"author":2,"featured_media":0,"parent":0,"menu_order":0,"comment_status":"closed","ping_status":"closed","template":"views\/page.brief.blade.php","meta":{"_acf_changed":false,"inline_featured_image":false,"footnotes":""},"tags":[],"class_list":["post-367","page","type-page","status-publish","hentry"],"acf":[],"yoast_head":"<!-- This site is optimized with the Yoast SEO plugin v26.9 - https:\/\/yoast.com\/product\/yoast-seo-wordpress\/ -->\n<title>Brief - Savangard<\/title>\n<meta name=\"description\" content=\"Brief Savangard \u2013 wype\u0142nij formularz i opisz potrzeby swojego projektu IT. U\u0142atwimy Ci kontakt z ekspertami i przyspieszymy start wsp\u00f3\u0142pracy.\" \/>\n<meta name=\"robots\" content=\"index, follow, max-snippet:-1, max-image-preview:large, max-video-preview:-1\" \/>\n<link rel=\"canonical\" href=\"https:\/\/savangard.com\/pl\/brief\/\" \/>\n<meta property=\"og:locale\" content=\"pl_PL\" \/>\n<meta property=\"og:type\" content=\"article\" \/>\n<meta property=\"og:title\" content=\"Brief - Savangard\" \/>\n<meta property=\"og:description\" content=\"Brief Savangard \u2013 wype\u0142nij formularz i opisz potrzeby swojego projektu IT. U\u0142atwimy Ci kontakt z ekspertami i przyspieszymy start wsp\u00f3\u0142pracy.\" \/>\n<meta property=\"og:url\" content=\"https:\/\/savangard.com\/pl\/brief\/\" \/>\n<meta property=\"og:site_name\" content=\"Savangard\" \/>\n<meta property=\"article:modified_time\" content=\"2026-01-29T10:29:31+00:00\" \/>\n<meta name=\"twitter:card\" content=\"summary_large_image\" \/>\n<script type=\"application\/ld+json\" class=\"yoast-schema-graph\">{\"@context\":\"https:\/\/schema.org\",\"@graph\":[{\"@type\":\"WebPage\",\"@id\":\"https:\/\/savangard.com\/pl\/brief\/\",\"url\":\"https:\/\/savangard.com\/pl\/brief\/\",\"name\":\"Brief - Savangard\",\"isPartOf\":{\"@id\":\"https:\/\/savangard.com\/#website\"},\"datePublished\":\"2022-05-04T16:45:51+00:00\",\"dateModified\":\"2026-01-29T10:29:31+00:00\",\"description\":\"Brief Savangard \u2013 wype\u0142nij formularz i opisz potrzeby swojego projektu IT. U\u0142atwimy Ci kontakt z ekspertami i przyspieszymy start wsp\u00f3\u0142pracy.\",\"breadcrumb\":{\"@id\":\"https:\/\/savangard.com\/pl\/brief\/#breadcrumb\"},\"inLanguage\":\"pl-PL\",\"potentialAction\":[{\"@type\":\"ReadAction\",\"target\":[\"https:\/\/savangard.com\/pl\/brief\/\"]}]},{\"@type\":\"BreadcrumbList\",\"@id\":\"https:\/\/savangard.com\/pl\/brief\/#breadcrumb\",\"itemListElement\":[{\"@type\":\"ListItem\",\"position\":1,\"name\":\"Home\",\"item\":\"https:\/\/savangard.com\/pl\/\"},{\"@type\":\"ListItem\",\"position\":2,\"name\":\"Brief\"}]},{\"@type\":\"WebSite\",\"@id\":\"https:\/\/savangard.com\/#website\",\"url\":\"https:\/\/savangard.com\/\",\"name\":\"Savangard\",\"description\":\"\",\"potentialAction\":[{\"@type\":\"SearchAction\",\"target\":{\"@type\":\"EntryPoint\",\"urlTemplate\":\"https:\/\/savangard.com\/?s={search_term_string}\"},\"query-input\":{\"@type\":\"PropertyValueSpecification\",\"valueRequired\":true,\"valueName\":\"search_term_string\"}}],\"inLanguage\":\"pl-PL\"}]}<\/script>\n<!-- \/ Yoast SEO plugin. -->","yoast_head_json":{"title":"Brief - Savangard","description":"Brief Savangard \u2013 wype\u0142nij formularz i opisz potrzeby swojego projektu IT. U\u0142atwimy Ci kontakt z ekspertami i przyspieszymy start wsp\u00f3\u0142pracy.","robots":{"index":"index","follow":"follow","max-snippet":"max-snippet:-1","max-image-preview":"max-image-preview:large","max-video-preview":"max-video-preview:-1"},"canonical":"https:\/\/savangard.com\/pl\/brief\/","og_locale":"pl_PL","og_type":"article","og_title":"Brief - Savangard","og_description":"Brief Savangard \u2013 wype\u0142nij formularz i opisz potrzeby swojego projektu IT. U\u0142atwimy Ci kontakt z ekspertami i przyspieszymy start wsp\u00f3\u0142pracy.","og_url":"https:\/\/savangard.com\/pl\/brief\/","og_site_name":"Savangard","article_modified_time":"2026-01-29T10:29:31+00:00","twitter_card":"summary_large_image","schema":{"@context":"https:\/\/schema.org","@graph":[{"@type":"WebPage","@id":"https:\/\/savangard.com\/pl\/brief\/","url":"https:\/\/savangard.com\/pl\/brief\/","name":"Brief - Savangard","isPartOf":{"@id":"https:\/\/savangard.com\/#website"},"datePublished":"2022-05-04T16:45:51+00:00","dateModified":"2026-01-29T10:29:31+00:00","description":"Brief Savangard \u2013 wype\u0142nij formularz i opisz potrzeby swojego projektu IT. U\u0142atwimy Ci kontakt z ekspertami i przyspieszymy start wsp\u00f3\u0142pracy.","breadcrumb":{"@id":"https:\/\/savangard.com\/pl\/brief\/#breadcrumb"},"inLanguage":"pl-PL","potentialAction":[{"@type":"ReadAction","target":["https:\/\/savangard.com\/pl\/brief\/"]}]},{"@type":"BreadcrumbList","@id":"https:\/\/savangard.com\/pl\/brief\/#breadcrumb","itemListElement":[{"@type":"ListItem","position":1,"name":"Home","item":"https:\/\/savangard.com\/pl\/"},{"@type":"ListItem","position":2,"name":"Brief"}]},{"@type":"WebSite","@id":"https:\/\/savangard.com\/#website","url":"https:\/\/savangard.com\/","name":"Savangard","description":"","potentialAction":[{"@type":"SearchAction","target":{"@type":"EntryPoint","urlTemplate":"https:\/\/savangard.com\/?s={search_term_string}"},"query-input":{"@type":"PropertyValueSpecification","valueRequired":true,"valueName":"search_term_string"}}],"inLanguage":"pl-PL"}]}},"_links":{"self":[{"href":"https:\/\/savangard.com\/pl\/wp-json\/wp\/v2\/pages\/367","targetHints":{"allow":["GET"]}}],"collection":[{"href":"https:\/\/savangard.com\/pl\/wp-json\/wp\/v2\/pages"}],"about":[{"href":"https:\/\/savangard.com\/pl\/wp-json\/wp\/v2\/types\/page"}],"author":[{"embeddable":true,"href":"https:\/\/savangard.com\/pl\/wp-json\/wp\/v2\/users\/2"}],"replies":[{"embeddable":true,"href":"https:\/\/savangard.com\/pl\/wp-json\/wp\/v2\/comments?post=367"}],"version-history":[{"count":28,"href":"https:\/\/savangard.com\/pl\/wp-json\/wp\/v2\/pages\/367\/revisions"}],"predecessor-version":[{"id":3936,"href":"https:\/\/savangard.com\/pl\/wp-json\/wp\/v2\/pages\/367\/revisions\/3936"}],"wp:attachment":[{"href":"https:\/\/savangard.com\/pl\/wp-json\/wp\/v2\/media?parent=367"}],"wp:term":[{"taxonomy":"post_tag","embeddable":true,"href":"https:\/\/savangard.com\/pl\/wp-json\/wp\/v2\/tags?post=367"}],"curies":[{"name":"wp","href":"https:\/\/api.w.org\/{rel}","templated":true}]}}