{"id":31,"date":"2022-03-07T08:04:19","date_gmt":"2022-03-07T08:04:19","guid":{"rendered":"https:\/\/savangard.com\/?page_id=31"},"modified":"2026-01-29T10:20:17","modified_gmt":"2026-01-29T10:20:17","slug":"kontakt","status":"publish","type":"page","link":"https:\/\/savangard.com\/pl\/kontakt\/","title":{"rendered":"Kontakt"},"content":{"rendered":"<section class=\"simple-hero alignwide  simple-hero__bg \" id=\"section-1\">\n  <div class=\"container\">\n    <div class=\"row\" data-aos=\"fade-up\">\n      <div class=\"col-lg-1\">\n              <\/div>\n      <div class=\"col-lg-10\">\n                  <h1 class=\"simple-hero--heading h1\">Skontaktuj si\u0119 z\u00a0nami<\/h1>\n                      <\/div>\n    <\/div>\n  <\/div>\n<\/section>\n\n\n\n\n<section class=\"brief-form alignwide\" id=\"brief\">\n      <div class=\"container\" data-aos=\"fade-up\">\n      <header class=\"brief--header\">\n        <div class=\"row\" data-aos=\"fade-up\">\n          <div class=\"col-lg-10 offset-lg-1\">\n                          <h2 class=\"brief--header-heading\">Ch\u0119tnie poznamy Twoje potrzeby<\/h2>\n                                      <div class=\"brief--header-desc\">\n                <p>Ch\u0119tnie poznamy Twoje potrzeby, aby nasz odpowiedni cz\u0142owiek m\u00f3g\u0142 si\u0119 z\u00a0Tob\u0105 skontaktowa\u0107. <\/p>\n\n              <\/div>\n                      <\/div>\n        <\/div>\n      <\/header>\n    <\/div>\n    <div class=\"brief root-app-brief\"\n       data-lang='{\"global\":{\"next\":\"Dalej\"},\"form\":{\"nameLabel\":\"Imi\\u0119\",\"namePlaceholder\":\"Podaj imi\\u0119\",\"companyLabel\":\"Nazwa firmy\",\"companyPlaceholder\":\"Podaj nazw\\u0119 firmy\",\"emailLabel\":\"Email\",\"emailPlaceholder\":\"Podaj Tw\\u00f3j email\",\"phoneLabel\":\"Telefon\",\"phonePlaceholder\":\"Podaj Tw\\u00f3j numer telefonu\",\"positionLabel\":\"Stanowisko w firmie\",\"positionPlaceholder\":\"Podaj Twoje stanowisko w firmie\",\"btnLabel\":\"Wy\\u015blij zapytanie\",\"errorMsg\":\"Niestety nie uda\\u0142o si\\u0119 wys\\u0142a\\u0107 zapytania. Spr\\u00f3buj ponownie p\\u00f3\\u017aniej. Je\\u015bli problem b\\u0119dzie si\\u0119 powtarza\\u0142, skontaktuj si\\u0119 z administratorem witryny.\"}}'\n       data-brief-data='{&quot;apiUrl&quot;:&quot;https:\\\/\\\/savangard.com\\\/pl\\\/wp-json\\\/&quot;,&quot;brief&quot;:[{&quot;title&quot;:&quot;Integracje systemowe&quot;,&quot;desc&quot;:&quot; &lt;li&gt;On premise&lt;\\\/li&gt;\\r\\n &lt;li&gt;Cloud&lt;\\\/li&gt;\\r\\n &lt;li&gt;Hybrydowe&lt;\\\/li&gt;\\r\\n\\r\\n&quot;,&quot;type&quot;:&quot;1&quot;,&quot;hide_form_open&quot;:true,&quot;steps&quot;:[{&quot;title&quot;:&quot;Jaki model integracji Ci\\u0119 interesuje?&quot;,&quot;desc&quot;:&quot;&quot;,&quot;info&quot;:&quot;&quot;,&quot;step_type&quot;:&quot;1&quot;,&quot;choices&quot;:&quot;Integracja lokalna, Integracja w&nbsp;chmurze, Integracja hybrydowa&quot;,&quot;multiple&quot;:false},{&quot;title&quot;:&quot;Jak\\u0105 technologie preferujesz?&quot;,&quot;desc&quot;:&quot;&quot;,&quot;info&quot;:&quot;&quot;,&quot;step_type&quot;:&quot;1&quot;,&quot;choices&quot;:&quot;webMethods, ORACLE, IBM,  MuleSoft, Inn\\u0105&quot;,&quot;multiple&quot;:true},{&quot;title&quot;:&quot;Opowiedz nam wi\\u0119cej&quot;,&quot;desc&quot;:&quot;&quot;,&quot;info&quot;:&quot;&quot;,&quot;step_type&quot;:&quot;2&quot;,&quot;choices&quot;:&quot;&quot;,&quot;multiple&quot;:false}],&quot;path_heading&quot;:&quot;&quot;,&quot;paths&quot;:false},{&quot;title&quot;:&quot;Produkty&quot;,&quot;desc&quot;:&quot;&lt;li&gt;Bankowo\\u015b\\u0107 i&nbsp;Finanse&lt;\\\/li&gt;\\r\\n&lt;li&gt;Energetyka&lt;\\\/li&gt;\\r\\n&lt;li&gt;ARIS -&nbsp;Transformacja proces\\u00f3w &lt;\\\/li&gt;&quot;,&quot;type&quot;:&quot;2&quot;,&quot;hide_form_open&quot;:false,&quot;steps&quot;:false,&quot;path_heading&quot;:&quot;W jakim obszarze mo\\u017cemy Ci\\u0119 wspom\\u00f3c?&quot;,&quot;paths&quot;:[{&quot;title&quot;:&quot;Otwarta bankowo\\u015b\\u0107&quot;,&quot;path_steps&quot;:[{&quot;title&quot;:&quot;Czy Twoja firma jest instytucj\\u0105 finansow\\u0105?&quot;,&quot;desc&quot;:&quot;&quot;,&quot;info&quot;:&quot;&quot;,&quot;step_type&quot;:&quot;1&quot;,&quot;choices&quot;:&quot;tak, nie&quot;,&quot;multiple&quot;:false},{&quot;title&quot;:&quot;W jaki spos\\u00f3b chcesz korzysta\\u0107 z&nbsp;Otwartej Bankowo\\u015bci?&quot;,&quot;desc&quot;:&quot;&quot;,&quot;info&quot;:&quot;&quot;,&quot;step_type&quot;:&quot;1&quot;,&quot;choices&quot;:&quot;Udost\\u0119pnianie API bankowego, Weryfikacja to\\u017csamo\\u015bci, Dost\\u0119p do rachunku bankowego, Zlecanie p\\u0142atno\\u015bci&quot;,&quot;multiple&quot;:true}]},{&quot;title&quot;:&quot;Energetyka&quot;,&quot;path_steps&quot;:[{&quot;title&quot;:&quot;Czy jeste\\u015b zainteresowany integracj\\u0105 z&nbsp;systemem CSIRE?&quot;,&quot;desc&quot;:&quot;&quot;,&quot;info&quot;:&quot;&quot;,&quot;step_type&quot;:&quot;1&quot;,&quot;choices&quot;:&quot;tak, nie&quot;,&quot;multiple&quot;:false},{&quot;title&quot;:&quot;Jakiego rodzaju uczestnikiem Rynku Energii jeste\\u015b?&quot;,&quot;desc&quot;:&quot;&quot;,&quot;info&quot;:&quot;&quot;,&quot;step_type&quot;:&quot;1&quot;,&quot;choices&quot;:&quot;Sprzedawca Energii, Dystrybutor Energii, Inny&quot;,&quot;multiple&quot;:false}]},{&quot;title&quot;:&quot;Transformacja proces\\u00f3w -&nbsp;ARIS&quot;,&quot;path_steps&quot;:[{&quot;title&quot;:&quot;Czy jeste\\u015b ju\\u017c klientem ARIS? &quot;,&quot;desc&quot;:&quot;&quot;,&quot;info&quot;:&quot;&quot;,&quot;step_type&quot;:&quot;1&quot;,&quot;choices&quot;:&quot;Tak, Nie&quot;,&quot;multiple&quot;:false},{&quot;title&quot;:&quot;Jakiej us\\u0142ugi potrzebujesz? &quot;,&quot;desc&quot;:&quot;&quot;,&quot;info&quot;:&quot;Pytanie wielokrotnego wyboru&quot;,&quot;step_type&quot;:&quot;1&quot;,&quot;choices&quot;:&quot;Konsultacyjnej, wdro\\u017ceniowej&quot;,&quot;multiple&quot;:true},{&quot;title&quot;:&quot;Opowiedz nam wi\\u0119cej o&nbsp;twoim projekcie? &quot;,&quot;desc&quot;:&quot;&quot;,&quot;info&quot;:&quot;&quot;,&quot;step_type&quot;:&quot;2&quot;,&quot;choices&quot;:&quot;&quot;,&quot;multiple&quot;:false}]}]},{&quot;title&quot;:&quot;Us\\u0142ugi&quot;,&quot;desc&quot;:&quot;&lt;li&gt;Outsourcing&lt;\\\/li&gt;\\r\\n&lt;li&gt;Consulting&lt;\\\/li&gt;\\r\\n&lt;li&gt;Szkolenia&lt;\\\/li&gt;\\r\\n&quot;,&quot;type&quot;:&quot;2&quot;,&quot;hide_form_open&quot;:false,&quot;steps&quot;:false,&quot;path_heading&quot;:&quot;W czym Ci\\u0119 wspom\\u00f3c?&quot;,&quot;paths&quot;:[{&quot;title&quot;:&quot;Consulting&quot;,&quot;path_steps&quot;:[{&quot;title&quot;:&quot;W jakiej bran\\u017cy pracujesz? &quot;,&quot;desc&quot;:&quot;&quot;,&quot;info&quot;:&quot;&quot;,&quot;step_type&quot;:&quot;1&quot;,&quot;choices&quot;:&quot;Energetyka, Utility, Finanse, Retail, Innej&quot;,&quot;multiple&quot;:false},{&quot;title&quot;:&quot;Jakiego wsparcia potrzebujesz?&quot;,&quot;desc&quot;:&quot;&quot;,&quot;info&quot;:&quot;&quot;,&quot;step_type&quot;:&quot;1&quot;,&quot;choices&quot;:&quot;Optymalizacja proces\\u00f3w biznesowych, Cyberbezpiecze\\u0144stwo, Architektura IT, Inne&quot;,&quot;multiple&quot;:true}]},{&quot;title&quot;:&quot;Outsourcing&quot;,&quot;path_steps&quot;:[{&quot;title&quot;:&quot;Ile specjalist\\u00f3w potrzebujesz?&quot;,&quot;desc&quot;:&quot;&quot;,&quot;info&quot;:&quot;&quot;,&quot;step_type&quot;:&quot;1&quot;,&quot;choices&quot;:&quot;1-5,5-10,10+&quot;,&quot;multiple&quot;:false},{&quot;title&quot;:&quot;Jak\\u0105 technologie preferujesz?&quot;,&quot;desc&quot;:&quot;&quot;,&quot;info&quot;:&quot;&quot;,&quot;step_type&quot;:&quot;1&quot;,&quot;choices&quot;:&quot;Java Script, PHP, Java, C++, React,CSS, Inne&quot;,&quot;multiple&quot;:false}]},{&quot;title&quot;:&quot;Szkolenia&quot;,&quot;path_steps&quot;:[{&quot;title&quot;:&quot;Jakim szkoleniem jeste\\u015b zainteresowany?&quot;,&quot;desc&quot;:&quot;&quot;,&quot;info&quot;:&quot;&quot;,&quot;step_type&quot;:&quot;1&quot;,&quot;choices&quot;:&quot;ARIS, Webmethods&quot;,&quot;multiple&quot;:false},{&quot;title&quot;:&quot;W jakiej formie chcia\\u0142by\\u015b odby\\u0107 szkolenie?&quot;,&quot;desc&quot;:&quot;&quot;,&quot;info&quot;:&quot;&quot;,&quot;step_type&quot;:&quot;1&quot;,&quot;choices&quot;:&quot;Online, Stacjonarnie&quot;,&quot;multiple&quot;:false}]}]},{&quot;title&quot;:&quot;Dedykowane rozwi\\u0105zanie&quot;,&quot;desc&quot;:&quot;&quot;,&quot;type&quot;:&quot;1&quot;,&quot;hide_form_open&quot;:true,&quot;steps&quot;:[{&quot;title&quot;:&quot;W jakiej bran\\u017cy pracujesz? &quot;,&quot;desc&quot;:&quot;&quot;,&quot;info&quot;:&quot;&quot;,&quot;step_type&quot;:&quot;1&quot;,&quot;choices&quot;:&quot;Energetyka, Utility, Finanse, Retail, Innej&quot;,&quot;multiple&quot;:false},{&quot;title&quot;:&quot;Opowiedz nam wi\\u0119cej&quot;,&quot;desc&quot;:&quot;&quot;,&quot;info&quot;:&quot;&quot;,&quot;step_type&quot;:&quot;2&quot;,&quot;choices&quot;:&quot;&quot;,&quot;multiple&quot;:false}],&quot;path_heading&quot;:&quot;&quot;,&quot;paths&quot;:false}],&quot;form&quot;:{&quot;header&quot;:&quot;\\u015awietnie! Ju\\u017c prawie ko\\u0144czymy...&quot;,&quot;desc&quot;:&quot;&quot;,&quot;label_open&quot;:&quot;Opowiedz nam wi\\u0119cej o\\u00a0swoim projekcie&quot;,&quot;desc_open&quot;:&quot;Czego dotyczy Tw\\u00f3j projekt? Jakie\\u015b konkretne technologie lub rozwi\\u0105zania, z\\u00a0kt\\u00f3rych korzystasz lub chcia\\u0142by\\u015b wprowadzi\\u0107? Jak mo\\u017cemy Ci pom\\u00f3c?&quot;,&quot;agree&quot;:&quot;Wysy\\u0142aj\\u0105c formularz, przyjmuj\\u0119 do wiadomo\\u015bci, \\u017ce administratorem moich danych jest firma Savangard z&nbsp;o. o. z&nbsp;siedzib\\u0105 w&nbsp;Warszawie 02-0305, 142B, al. Jerozolimskie, NIP: 5732522479. Dane osobowe przetwarzane b\\u0119d\\u0105 w&nbsp;celu obs\\u0142ugi zg\\u0142oszenia na podstawie art. 6 ust. 1 lit. a) RODO zgodnie z&nbsp;regulaminem.&quot;},&quot;thankYou&quot;:{&quot;heading&quot;:&quot;Dzi\\u0119kujemy za przes\\u0142any formularz&quot;,&quot;desc&quot;:&quot;&quot;,&quot;btn&quot;:{&quot;title&quot;:&quot;Wr\\u00f3\\u0107 do home&quot;,&quot;url&quot;:&quot;https:\\\/\\\/savangard.com\\\/pl\\\/&quot;,&quot;target&quot;:&quot;_self&quot;}}}'\n       data-aos=\"fade-up\"><\/div>\n<\/section>\n\n  \n\n\n<section class=\"contact-departments alignwide\" id=\"section-2\">\n  <div class=\"container\">\n    <div class=\"row\" data-aos=\"fade-up\">\n      <div class=\"col-lg-6 offset-lg-1\">\n        <div class=\"contact-departments--decorator\" data-aos=\"zoom-in\" data-aos-delay=\"500\"><\/div>\n        <div class=\"contact-departments--header\">\n                      <span class=\"section-common-1--label\">Oddzia\u0142y<\/span>\n                                <h2 class=\"h1 text-uppercase\">Zobacz gdzie nas znajdziesz<\/h2>\n                  <\/div>\n      <\/div>\n    <\/div>\n    <div class=\"contact-departments--items row\" data-aos=\"fade-up\">\n                            <div class=\"contact-departments--item col-sm-6 col-md-5 col-lg-4\">\n          <div class=\"contact-departments--item-wrapper\">\n            <div class=\"contact-departments--item-number\">1<\/div>\n            <div class=\"contact-departments--item-content\">\n              <div class=\"contact-departments--item-city\">Warszawa<\/div>\n              <div class=\"contact-departments--item-address\">02-305 Warszawa, <br \/>\r\nAl. Jerozolimskie 132<\/div>\n                              <div class=\"contact-departments--item-contact\">\n                                      <a href=\"mailto:info@savangard.com\"\n                       class=\"contact-departments--item-email\">info@savangard.com<\/a><br>\n                                                        <a href=\"tel:+48 22 436 59 00\"\n                       class=\"contact-departments--item-phone\">+48 22 436 59 00<\/a>\n                                  <\/div>\n                          <\/div>\n          <\/div>\n        <\/div>\n                      <div class=\"contact-departments--item col-sm-6 col-md-5 col-lg-4\">\n          <div class=\"contact-departments--item-wrapper\">\n            <div class=\"contact-departments--item-number\">2<\/div>\n            <div class=\"contact-departments--item-content\">\n              <div class=\"contact-departments--item-city\">Cz\u0119stochowa<\/div>\n              <div class=\"contact-departments--item-address\">ul. Kopernika 42,<br \/>\r\n42-200 Cz\u0119stochowa<\/div>\n                              <div class=\"contact-departments--item-contact\">\n                                      <a href=\"mailto:info@savangard.com\"\n                       class=\"contact-departments--item-email\">info@savangard.com<\/a><br>\n                                                        <a href=\"tel:+48 22 436 59 00\"\n                       class=\"contact-departments--item-phone\">+48 22 436 59 00<\/a>\n                                  <\/div>\n                          <\/div>\n          <\/div>\n        <\/div>\n                      <div class=\"contact-departments--item col-sm-6 col-md-5 col-lg-4\">\n          <div class=\"contact-departments--item-wrapper\">\n            <div class=\"contact-departments--item-number\">3<\/div>\n            <div class=\"contact-departments--item-content\">\n              <div class=\"contact-departments--item-city\">Pozna\u0144<\/div>\n              <div class=\"contact-departments--item-address\">ul. \u015aw. Micha\u0142a 100\/103,<br \/>\r\n61-005 Pozna\u0144<\/div>\n                              <div class=\"contact-departments--item-contact\">\n                                      <a href=\"mailto:info@savangard.com\"\n                       class=\"contact-departments--item-email\">info@savangard.com<\/a><br>\n                                                        <a href=\"tel:+48 22 436 59 00\"\n                       class=\"contact-departments--item-phone\">+48 22 436 59 00<\/a>\n                                  <\/div>\n                          <\/div>\n          <\/div>\n        <\/div>\n          <\/div>\n  <\/div>\n<\/section>\n\n","protected":false},"excerpt":{"rendered":"","protected":false},"author":2,"featured_media":0,"parent":0,"menu_order":0,"comment_status":"closed","ping_status":"closed","template":"","meta":{"_acf_changed":false,"inline_featured_image":false,"footnotes":""},"tags":[],"class_list":["post-31","page","type-page","status-publish","hentry"],"acf":[],"yoast_head":"<!-- This site is optimized with the Yoast SEO plugin v26.9 - https:\/\/yoast.com\/product\/yoast-seo-wordpress\/ -->\n<title>Kontakt - Savangard<\/title>\n<meta name=\"description\" content=\"Kontakt Savangard \u2013 sprawd\u017a dane kontaktowe, adresy oddzia\u0142\u00f3w i formy kontaktu z zespo\u0142em ekspert\u00f3w IT. Napisz lub zadzwo\u0144, aby om\u00f3wi\u0107 potrzeby swojej firmy.\" \/>\n<meta name=\"robots\" content=\"index, follow, max-snippet:-1, max-image-preview:large, max-video-preview:-1\" \/>\n<link rel=\"canonical\" href=\"https:\/\/savangard.com\/pl\/kontakt\/\" \/>\n<meta property=\"og:locale\" content=\"pl_PL\" \/>\n<meta property=\"og:type\" content=\"article\" \/>\n<meta property=\"og:title\" content=\"Kontakt - Savangard\" \/>\n<meta property=\"og:description\" content=\"Kontakt Savangard \u2013 sprawd\u017a dane kontaktowe, adresy oddzia\u0142\u00f3w i formy kontaktu z zespo\u0142em ekspert\u00f3w IT. Napisz lub zadzwo\u0144, aby om\u00f3wi\u0107 potrzeby swojej firmy.\" \/>\n<meta property=\"og:url\" content=\"https:\/\/savangard.com\/pl\/kontakt\/\" \/>\n<meta property=\"og:site_name\" content=\"Savangard\" \/>\n<meta property=\"article:modified_time\" content=\"2026-01-29T10:20:17+00:00\" \/>\n<meta name=\"twitter:card\" content=\"summary_large_image\" \/>\n<script type=\"application\/ld+json\" class=\"yoast-schema-graph\">{\"@context\":\"https:\/\/schema.org\",\"@graph\":[{\"@type\":\"WebPage\",\"@id\":\"https:\/\/savangard.com\/pl\/kontakt\/\",\"url\":\"https:\/\/savangard.com\/pl\/kontakt\/\",\"name\":\"Kontakt - Savangard\",\"isPartOf\":{\"@id\":\"https:\/\/savangard.com\/#website\"},\"datePublished\":\"2022-03-07T08:04:19+00:00\",\"dateModified\":\"2026-01-29T10:20:17+00:00\",\"description\":\"Kontakt Savangard \u2013 sprawd\u017a dane kontaktowe, adresy oddzia\u0142\u00f3w i formy kontaktu z zespo\u0142em ekspert\u00f3w IT. Napisz lub zadzwo\u0144, aby om\u00f3wi\u0107 potrzeby swojej firmy.\",\"breadcrumb\":{\"@id\":\"https:\/\/savangard.com\/pl\/kontakt\/#breadcrumb\"},\"inLanguage\":\"pl-PL\",\"potentialAction\":[{\"@type\":\"ReadAction\",\"target\":[\"https:\/\/savangard.com\/pl\/kontakt\/\"]}]},{\"@type\":\"BreadcrumbList\",\"@id\":\"https:\/\/savangard.com\/pl\/kontakt\/#breadcrumb\",\"itemListElement\":[{\"@type\":\"ListItem\",\"position\":1,\"name\":\"Home\",\"item\":\"https:\/\/savangard.com\/pl\/\"},{\"@type\":\"ListItem\",\"position\":2,\"name\":\"Kontakt\"}]},{\"@type\":\"WebSite\",\"@id\":\"https:\/\/savangard.com\/#website\",\"url\":\"https:\/\/savangard.com\/\",\"name\":\"Savangard\",\"description\":\"\",\"potentialAction\":[{\"@type\":\"SearchAction\",\"target\":{\"@type\":\"EntryPoint\",\"urlTemplate\":\"https:\/\/savangard.com\/?s={search_term_string}\"},\"query-input\":{\"@type\":\"PropertyValueSpecification\",\"valueRequired\":true,\"valueName\":\"search_term_string\"}}],\"inLanguage\":\"pl-PL\"}]}<\/script>\n<!-- \/ Yoast SEO plugin. -->","yoast_head_json":{"title":"Kontakt - Savangard","description":"Kontakt Savangard \u2013 sprawd\u017a dane kontaktowe, adresy oddzia\u0142\u00f3w i formy kontaktu z zespo\u0142em ekspert\u00f3w IT. Napisz lub zadzwo\u0144, aby om\u00f3wi\u0107 potrzeby swojej firmy.","robots":{"index":"index","follow":"follow","max-snippet":"max-snippet:-1","max-image-preview":"max-image-preview:large","max-video-preview":"max-video-preview:-1"},"canonical":"https:\/\/savangard.com\/pl\/kontakt\/","og_locale":"pl_PL","og_type":"article","og_title":"Kontakt - Savangard","og_description":"Kontakt Savangard \u2013 sprawd\u017a dane kontaktowe, adresy oddzia\u0142\u00f3w i formy kontaktu z zespo\u0142em ekspert\u00f3w IT. Napisz lub zadzwo\u0144, aby om\u00f3wi\u0107 potrzeby swojej firmy.","og_url":"https:\/\/savangard.com\/pl\/kontakt\/","og_site_name":"Savangard","article_modified_time":"2026-01-29T10:20:17+00:00","twitter_card":"summary_large_image","schema":{"@context":"https:\/\/schema.org","@graph":[{"@type":"WebPage","@id":"https:\/\/savangard.com\/pl\/kontakt\/","url":"https:\/\/savangard.com\/pl\/kontakt\/","name":"Kontakt - Savangard","isPartOf":{"@id":"https:\/\/savangard.com\/#website"},"datePublished":"2022-03-07T08:04:19+00:00","dateModified":"2026-01-29T10:20:17+00:00","description":"Kontakt Savangard \u2013 sprawd\u017a dane kontaktowe, adresy oddzia\u0142\u00f3w i formy kontaktu z zespo\u0142em ekspert\u00f3w IT. Napisz lub zadzwo\u0144, aby om\u00f3wi\u0107 potrzeby swojej firmy.","breadcrumb":{"@id":"https:\/\/savangard.com\/pl\/kontakt\/#breadcrumb"},"inLanguage":"pl-PL","potentialAction":[{"@type":"ReadAction","target":["https:\/\/savangard.com\/pl\/kontakt\/"]}]},{"@type":"BreadcrumbList","@id":"https:\/\/savangard.com\/pl\/kontakt\/#breadcrumb","itemListElement":[{"@type":"ListItem","position":1,"name":"Home","item":"https:\/\/savangard.com\/pl\/"},{"@type":"ListItem","position":2,"name":"Kontakt"}]},{"@type":"WebSite","@id":"https:\/\/savangard.com\/#website","url":"https:\/\/savangard.com\/","name":"Savangard","description":"","potentialAction":[{"@type":"SearchAction","target":{"@type":"EntryPoint","urlTemplate":"https:\/\/savangard.com\/?s={search_term_string}"},"query-input":{"@type":"PropertyValueSpecification","valueRequired":true,"valueName":"search_term_string"}}],"inLanguage":"pl-PL"}]}},"_links":{"self":[{"href":"https:\/\/savangard.com\/pl\/wp-json\/wp\/v2\/pages\/31","targetHints":{"allow":["GET"]}}],"collection":[{"href":"https:\/\/savangard.com\/pl\/wp-json\/wp\/v2\/pages"}],"about":[{"href":"https:\/\/savangard.com\/pl\/wp-json\/wp\/v2\/types\/page"}],"author":[{"embeddable":true,"href":"https:\/\/savangard.com\/pl\/wp-json\/wp\/v2\/users\/2"}],"replies":[{"embeddable":true,"href":"https:\/\/savangard.com\/pl\/wp-json\/wp\/v2\/comments?post=31"}],"version-history":[{"count":31,"href":"https:\/\/savangard.com\/pl\/wp-json\/wp\/v2\/pages\/31\/revisions"}],"predecessor-version":[{"id":6772,"href":"https:\/\/savangard.com\/pl\/wp-json\/wp\/v2\/pages\/31\/revisions\/6772"}],"wp:attachment":[{"href":"https:\/\/savangard.com\/pl\/wp-json\/wp\/v2\/media?parent=31"}],"wp:term":[{"taxonomy":"post_tag","embeddable":true,"href":"https:\/\/savangard.com\/pl\/wp-json\/wp\/v2\/tags?post=31"}],"curies":[{"name":"wp","href":"https:\/\/api.w.org\/{rel}","templated":true}]}}