{"id":3,"date":"2022-02-21T11:10:13","date_gmt":"2022-02-21T11:10:13","guid":{"rendered":"https:\/\/savangard.com\/?page_id=3"},"modified":"2026-01-29T10:45:16","modified_gmt":"2026-01-29T10:45:16","slug":"polityka-prywatnosci","status":"publish","type":"page","link":"https:\/\/savangard.com\/pl\/polityka-prywatnosci\/","title":{"rendered":"Polityka prywatno\u015bci"},"content":{"rendered":"<section class=\"editor-content alignwide\" id=\"section-1\">\n  <div class=\"container\">\n    <div class=\"row justify-content-center\">\n      <div class=\"col-lg-8\">\n        <div class=\"editor-content--wrapper\" data-aos=\"fade-up\">\n          <h2>POLITYKA OCHRONY PRYWATNO\u015aCI<\/h2>\n<p>&nbsp;<\/p>\n<h3 style=\"text-transform: uppercase;\">I. ZAKRES<\/h3>\n<p>Administratorem danych jest Savangard Sp. z&nbsp;o.o. z&nbsp;siedzib\u0105 w&nbsp;Warszawie przy Al. Jerozolimskie 132, 02-305 Warszawa, zarejestrowana w&nbsp;rejestrze przedsi\u0119biorc\u00f3w przez S\u0105d Rejonowy dla m.st. Warszawy w&nbsp;Warszawie XIII Wydzia\u0142 Gospodarczy KRS pod numerem KRS 0000143463.<br \/>\nCelem tej Polityki Prywatno\u015bci jest okre\u015blenie dzia\u0142a\u0144 podejmowanych przez Administratora danych w&nbsp;zakresie ochrony danych osobowych przetwarzanych za po\u015brednictwem strony internetowej https:\/\/savangard.com\/, dalej jako \u201eSerwis\u201d oraz za po\u015brednictwem portali spo\u0142eczno\u015bciowych (Facebook, LinkedIn).<br \/>\nDane przetwarzane s\u0105 zgodnie z&nbsp;obowi\u0105zuj\u0105cymi przepisami prawa w&nbsp;tym Rozporz\u0105dzenia Parlamentu Europejskiego i&nbsp;Rady (UE) 2016\/679 z&nbsp;dnia 27 kwietnia 2016 r. w&nbsp;sprawie ochrony os\u00f3b fizycznych w&nbsp;zwi\u0105zku z&nbsp;przetwarzaniem danych osobowych i&nbsp;w sprawie swobodnego przep\u0142ywu takich danych oraz uchylenia dyrektywy 95\/46\/WE. Dz.Urz.UE. L. 2016 Nr 119\/1.<br \/>\nU\u017cytkownikiem Serwisu jest ka\u017cda osoba fizyczna korzystaj\u0105ca z&nbsp;Serwisu za po\u015brednictwem urz\u0105dze\u0144 elektronicznych.<br \/>\nSerwis nie zbiera w&nbsp;spos\u00f3b automatyczny \u017cadnych informacji, z&nbsp;wyj\u0105tkiem informacji zawartych w&nbsp;plikach cookies. Dodatkowe dane osobowe (np. adres e-mail) zbierane s\u0105 jedynie w&nbsp;miejscach, w&nbsp;kt\u00f3rych u\u017cytkownik wype\u0142niaj\u0105c formularz wyra\u017anie wyrazi\u0142 na to zgod\u0119.<\/p>\n<p>&nbsp;<\/p>\n<h3>II. PRZETWARZANIE DANYCH OSOBOWYCH PRZEZ ADMINISTRATORA W TYM ICH POZYSKIWANIE I PRZECHOWYWANIE<\/h3>\n<p><strong>PLIKI COOKIES<\/strong><\/p>\n<p>Serwis u\u017cywa cookies. Pliki cookies (tzw. \u201eciasteczka\u201d) stanowi\u0105 dane informatyczne, w&nbsp;szczeg\u00f3lno\u015bci pliki tekstowe, kt\u00f3re przechowywane s\u0105 w&nbsp;urz\u0105dzeniu ko\u0144cowym U\u017cytkownika Serwisu i&nbsp;przeznaczone s\u0105 do korzystania ze stron internetowych Serwisu. Cookies zazwyczaj zawieraj\u0105 nazw\u0119 strony internetowej, z&nbsp;kt\u00f3rej pochodz\u0105, czas przechowywania ich na urz\u0105dzeniu ko\u0144cowym oraz unikalny numer.<\/p>\n<p>W ramach Serwisu stosowane s\u0105 nast\u0119puj\u0105ce rodzaje plik\u00f3w cookies:<\/p>\n<ul>\n<li>pliki cookies s\u0142u\u017c\u0105ce do zapewnienia bezpiecze\u0144stwa, np. wykorzystywane do wykrywania nadu\u017cy\u0107 w&nbsp;zakresie uwierzytelniania w&nbsp;ramach serwisu;<\/li>\n<li>\u201ewydajno\u015bciowe\u201d pliki cookies, umo\u017cliwiaj\u0105ce zbieranie informacji o&nbsp;sposobie korzystania ze stron internetowych serwisu w&nbsp;tym:<\/li>\n<li>\u201efunkcjonalne\u201d pliki cookies, umo\u017cliwiaj\u0105ce \u201ezapami\u0119tanie\u201d wybranych przez u\u017cytkownika ustawie\u0144 i&nbsp;personalizacj\u0119 interfejsu u\u017cytkownika, np. w&nbsp;zakresie wybranego j\u0119zyka lub regionu, z&nbsp;kt\u00f3rego pochodzi u\u017cytkownik, rozmiaru czcionki, wygl\u0105du strony internetowej itp.;<\/li>\n<li>\u201eanalityczne\u201d pliki cookies s\u0142u\u017c\u0105ce do monitorowania ruchu na stronie internetowej, tj. analityki danych, w&nbsp;tym cookies w&nbsp;tym pliki Google Analytics [administrator cookies: Google Inc z&nbsp;siedzib\u0105 w&nbsp;USA].<\/li>\n<\/ul>\n<p>Dane gromadzone s\u0105 w&nbsp;celu:<\/p>\n<ul>\n<li>w celu udost\u0119pniana U\u017cytkownikom tre\u015bci gromadzonych w&nbsp;Serwisie<\/li>\n<li>w celach analitycznych i&nbsp;statystycznych &#8211;&nbsp;analiza tych statystyk jest anonimowa<\/li>\n<li>w celu zapami\u0119tywania indywidualnych ustawie\u0144 U\u017cytkownika i&nbsp;optymalizacji korzystania z&nbsp;Serwisu.<\/li>\n<li>dostosowania zawarto\u015bci Witryn do urz\u0105dzenia ko\u0144cowego U\u017cytkownika,<\/li>\n<li>uzyskiwania zbiorczych, anonimowych danych statystycznych o&nbsp;sposobie korzystania z&nbsp;Serwisu celem ulepszania struktury i&nbsp;funkcjonalno\u015b\u0107 Serwisu<\/li>\n<li>poprawy bezpiecze\u0144stwa, poprzez kontrol\u0119 nadu\u017cy\u0107 w&nbsp;procesie korzystania z&nbsp;Serwisu,<\/li>\n<\/ul>\n<p>Co do zasady pliki cookies nie stanowi\u0105 danych osobowych. Jednak pewne informacje przechowywane w&nbsp;plikach cookies (np. co do preferencji), zw\u0142aszcza w&nbsp;po\u0142\u0105czeniu z&nbsp;innymi informacjami o&nbsp;u\u017cytkowniku stron internetowych, mog\u0105 by\u0107 traktowane jako dane osobowe. Dane osobowe gromadzone przy u\u017cyciu plik\u00f3w cookies mog\u0105 by\u0107 przetwarzane wy\u0142\u0105cznie w&nbsp;celu wykonywania okre\u015blonych funkcji na rzecz U\u017cytkownika, opisanych powy\u017cej. Takie dane s\u0105 zabezpieczone w&nbsp;spos\u00f3b uniemo\u017cliwiaj\u0105cy dost\u0119p do nich osobom nieuprawnionym.<br \/>\nUprawnienie administratora do przechowywania i&nbsp;uzyskiwania dost\u0119pu do plik\u00f3w \u201ecookies\u201d wynika z&nbsp;uzasadnionego interesu administratora wzgl\u0119dnie dorozumianej zgody wyra\u017conej przez U\u017cytkownika Serwisu. Dorozumiana zgoda jest wyra\u017cana przez U\u017cytkownika podczas dokonywania konfiguracji przegl\u0105darki internetowej lub wybranej strony internetowej (lub us\u0142ugi) oraz przez wej\u015bcie na stron\u0119 w&nbsp;zakresie zapisu plik\u00f3w niezb\u0119dnych do funkcjonowania Serwisu<br \/>\nW ramach Serwisu stosowane s\u0105 dwa zasadnicze rodzaje plik\u00f3w cookies: \u201esesyjne\u201d (session cookies) oraz \u201esta\u0142e\u201d (persistent cookies). Cookies \u201esesyjne\u201d s\u0105 plikami tymczasowymi, kt\u00f3re przechowywane s\u0105 w&nbsp;urz\u0105dzeniu ko\u0144cowym U\u017cytkownika do czasu wylogowania, opuszczenia strony internetowej lub wy\u0142\u0105czenia oprogramowania (przegl\u0105darki internetowej). \u201eSta\u0142e\u201d pliki cookies przechowywane s\u0105 w&nbsp;urz\u0105dzeniu ko\u0144cowym U\u017cytkownika przez czas okre\u015blony w&nbsp;parametrach plik\u00f3w cookies lub do czasu ich usuni\u0119cia przez U\u017cytkownika.<br \/>\nPliki cookies zamieszczane w&nbsp;urz\u0105dzeniu ko\u0144cowym U\u017cytkownika Serwisu i&nbsp;wykorzystywane mog\u0105 by\u0107 r\u00f3wnie\u017c przez wsp\u00f3\u0142pracuj\u0105cych z&nbsp;operatorem Serwisu reklamodawc\u00f3w oraz partner\u00f3w.<br \/>\nZalecamy przeczytanie polityki ochrony prywatno\u015bci tych firm, aby pozna\u0107 zasady korzystania z&nbsp;plik\u00f3w cookie wykorzystywane w&nbsp;statystykach: Polityka ochrony prywatno\u015bci Google Analytics.<br \/>\nPliki cookie mog\u0105 by\u0107 wykorzystane przez sieci reklamowe, w&nbsp;szczeg\u00f3lno\u015bci sie\u0107 Google, do wy\u015bwietlenia reklam dopasowanych do sposobu, w&nbsp;jaki U\u017cytkownik korzysta z&nbsp;Serwisu. W tym celu mog\u0105 zachowa\u0107 informacj\u0119 o&nbsp;\u015bcie\u017cce nawigacji u\u017cytkownika lub czasie pozostawania na danej stronie.<br \/>\nW zakresie informacji o&nbsp;preferencjach u\u017cytkownika gromadzonych przez sie\u0107 reklamow\u0105 Google u\u017cytkownik mo\u017ce przegl\u0105da\u0107 i&nbsp;edytowa\u0107 informacje wynikaj\u0105ce z&nbsp;plik\u00f3w cookies przy pomocy narz\u0119dzia: https:\/\/www.google.com\/ads\/preferences\/<br \/>\nZarz\u0105dzanie plikami cookies \u2013 jak w&nbsp;praktyce zablokowa\u0107 otrzymywanie plik\u00f3w cookies lub wycofa\u0107 zgod\u0119?<\/p>\n<p>U\u017cytkownik w&nbsp;ka\u017cdej chwili ma mo\u017cliwo\u015b\u0107 wy\u0142\u0105czenia lub przywr\u00f3cenia opcji gromadzenia cookies. Je\u015bli u\u017cytkownik nie chce otrzymywa\u0107 plik\u00f3w cookies, mo\u017ce zmieni\u0107 ustawienia przegl\u0105darki. Zastrzegamy, \u017ce wy\u0142\u0105czenie obs\u0142ugi plik\u00f3w cookies niezb\u0119dnych dla proces\u00f3w uwierzytelniania, bezpiecze\u0144stwa, utrzymania preferencji u\u017cytkownika mo\u017ce utrudni\u0107, a&nbsp;w skrajnych przypadkach mo\u017ce uniemo\u017cliwi\u0107 korzystanie ze stron www.<\/p>\n<p>W wi\u0119kszo\u015bci dost\u0119pnych na rynku przegl\u0105darek spos\u00f3b wy\u0142\u0105czenia plik\u00f3w cookie mo\u017cna opisa\u0107 nast\u0119puj\u0105co:<\/p>\n<ol>\n<li>Otw\u00f3rz menu przegl\u0105darki<\/li>\n<li>Wybierz Ustawienia<\/li>\n<li>Wybierz Ustawienia zaawansowane lub Bezpiecze\u0144stwo i&nbsp;Prywatno\u015b\u0107<\/li>\n<li>Ustaw blokad\u0119 na pliki cookie<\/li>\n<\/ol>\n<p>U\u017cytkownik mo\u017ce te\u017c dowiedzie\u0107 si\u0119 jak dok\u0142adnie to zrobi\u0107 w&nbsp;ka\u017cdej popularnej przegl\u0105darce (<a href=\"http:\/\/jakwylaczyccookie.pl\/jak-wylaczyc-pliki-cookies\/#google-chrome\">Chrome<\/a>, <a href=\"http:\/\/jakwylaczyccookie.pl\/jak-wylaczyc-pliki-cookies\/#mozilla-firefox\">FireFox<\/a>, <a href=\"http:\/\/jakwylaczyccookie.pl\/jak-wylaczyc-pliki-cookies\/#opera\">Opera<\/a>, <a href=\"http:\/\/jakwylaczyccookie.pl\/jak-wylaczyc-pliki-cookies\/#edge\">Edge<\/a>, <a href=\"http:\/\/jakwylaczyccookie.pl\/jak-wylaczyc-pliki-cookies\/#internet-explorer-11\">Internet Explorer<\/a> i&nbsp;<a href=\"http:\/\/jakwylaczyccookie.pl\/jak-wylaczyc-pliki-cookies\/#safari\">Safari<\/a>) oraz na urz\u0105dzeniach mobilnych (<a href=\"http:\/\/jakwylaczyccookie.pl\/jak-wylaczyc-pliki-cookies\/#mobile-android\">Android<\/a>, <a href=\"http:\/\/jakwylaczyccookie.pl\/jak-wylaczyc-pliki-cookies\/#mobile-windows\">Windows<\/a>, <a href=\"http:\/\/jakwylaczyccookie.pl\/jak-wylaczyc-pliki-cookies\/#mobile-safari\">iOS<\/a>). W tym celu przejd\u017a do tego dzia\u0142u:<\/p>\n<p>Wi\u0119cej w&nbsp;pomocy kontekstowej dost\u0119pnej dla ka\u017cdej przegl\u0105darki lub pod adresem: <a href=\"http:\/\/jakwylaczyccookie.pl\/\">http:\/\/jakwylaczyccookie.pl\/<\/a><\/p>\n<p>Instrukcja zarz\u0105dzania plikami cookies jest dost\u0119pna jest r\u00f3wnie\u017c na stronie:<\/p>\n<p><a href=\"http:\/\/www.allaboutcookies.org\/manage-cookies\">http:\/\/www.allaboutcookies.org\/manage-cookies<\/a><\/p>\n<p><strong>PORTALE SPO\u0141ECZNO\u015aCIOWE<\/strong><\/p>\n<p>Dane u\u017cytkownik\u00f3w odwiedzaj\u0105cych profile Administratora w&nbsp;mediach spo\u0142eczno\u015bciowych (Facebook, LinkedIn) s\u0105 przetwarzane tylko w&nbsp;zwi\u0105zku z&nbsp;prowadzeniem profilu, w&nbsp;tym w&nbsp;celu informowania o&nbsp;aktywno\u015bciach \u00a0Administratora.<\/p>\n<p><strong>FORMULARZE KONTAKTOWE<\/strong><\/p>\n<p>Serwis umo\u017cliwia kontakt z&nbsp;Administratorem przy u\u017cyciu formularzy kontaktowych dost\u0119pnych w&nbsp;serwisie. Formularz wymaga podania danych osobowych niezb\u0119dnych do kontaktu zwrotnego i&nbsp;udzielenia odpowiedzi na zadanie pytanie. Dane przetwarzane s\u0105 w&nbsp;celu identyfikacji u\u017cytkownika korzystaj\u0105cego z&nbsp;zapytania i&nbsp;obs\u0142ugi zapytania oraz w&nbsp;celach analitycznych i&nbsp;statystycznych. Podstaw\u0105 przetwarzania danych jest zgoda U\u017cytkownika (art.6 ust.1 a&nbsp;RODO) chyba, \u017ce zachodzi prawnie uzasadniony interes Administratora danych osobowych w&nbsp;postaci marketingu bezpo\u015bredniego (art. 6 ust. 1 pkt. f RODO). Wyra\u017cenie zgody jest dobrowolne, lecz brak zgody mo\u017ce skutkowa\u0107 brakiem mo\u017cliwo\u015bci obs\u0142ugi zapytania. Administrator nie przewiduje dalszego przekazywania odbiorcom danych z&nbsp;formularzy kontaktowych.<\/p>\n<p><strong>REKRUTACJA<\/strong><\/p>\n<p>Administrator mo\u017ce prowadzi\u0107 nab\u00f3r nowych pracownik\u00f3w, sta\u017cyst\u00f3w, praktykant\u00f3w, zleceniobiorc\u00f3w i&nbsp;wsp\u00f3\u0142pracownik\u00f3w w&nbsp;ramach Serwisu internetowego. Dane osobowe kandydat\u00f3w przetwarzane b\u0119d\u0105 dla potrzeb aktualnej i&nbsp;przysz\u0142ych rekrutacji \u2013 na podstawie Art. 6 ust. 1 lit. a&nbsp;og\u00f3lnego rozporz\u0105dzenia o&nbsp;ochronie danych osobowych z&nbsp;dnia 27 kwietnia 2016 r. oraz Kodeksu Pracy z&nbsp;dnia 26 czerwca 1974 r. Dane osobowe przechowywane b\u0119d\u0105 przez okres aktualnej rekrutacji, nie d\u0142u\u017cej jednak ni\u017c przez 4 miesi\u0105ce. W przypadku wyra\u017cenia przez kandydata dodatkowej dobrowolnej zgody na przetwarzanie jego danych osobowych w&nbsp;postaci imienia i&nbsp;nazwiska oraz danych kontaktowych celem kontaktu na potrzeby przysz\u0142ych rekrutacji, dane te b\u0119d\u0105 przetwarzane w&nbsp;powy\u017cszym zakresie przez okres nie d\u0142u\u017cszy ni\u017c 12 miesi\u0119cy. Odbiorcami danych kandydata mog\u0105 by\u0107 firmy rekrutacyjne, prowadz\u0105ce nab\u00f3r na rzecz Administratora danych osobowych; Kandydat posiada prawo do \u017c\u0105dania od Administratora dost\u0119pu do danych osobowych, prawo do ich sprostowania, usuni\u0119cia lub ograniczenia przetwarzania, prawo do wniesienia sprzeciwu wobec przetwarzania, prawo do przenoszenia danych, prawo do cofni\u0119cia zgody w&nbsp;dowolnym momencie.<\/p>\n<p>&nbsp;<\/p>\n<h3 style=\"text-transform: uppercase;\">III. Wykorzystanie zgromadzonych danych.<\/h3>\n<ol>\n<li>Administrator danych przetwarza (np. zbiera, przechowuje, analizuje itp.) dane osobowe U\u017cytkownik\u00f3w Serwisu w&nbsp;nast\u0119puj\u0105cych celach:<\/li>\n<\/ol>\n<ul>\n<li>udost\u0119pniana U\u017cytkownikom tre\u015bci gromadzonych w&nbsp;Serwisie,<\/li>\n<li>analitycznych i&nbsp;statystycznych. Analiza tych statystyk jest anonimowa,<\/li>\n<li>marketingowych Administratora danych (w przypadku danych podawanych w&nbsp;formularzach kontaktowych)<\/li>\n<li>przesy\u0142anie U\u017cytkownikowi drog\u0105 elektroniczn\u0105 na podany adres email informacji handlowych, w&nbsp;tym w&nbsp;formie newslettera, z&nbsp;najnowszymi informacjami o&nbsp;pracach i&nbsp;kampaniach, ofertach, a&nbsp;tak\u017ce w&nbsp;celu u\u017cywania telekomunikacyjnych urz\u0105dze\u0144 ko\u0144cowych w&nbsp;stosunku do podanego przez U\u017cytkownika numeru telefonu dla cel\u00f3w marketingu bezpo\u015bredniego &#8211;&nbsp;w&nbsp;oparciu o&nbsp;wyra\u017con\u0105 przez U\u017cytkownika dobrowoln\u0105 zgod\u0119 na prowadzenie takich dzia\u0142a\u0144 (podstawa z&nbsp;art. 6 ust. 1 lit. a) RODO)\u201d<\/li>\n<li>rekrutacji (w przypadku danych podawanych w&nbsp;formularzach kontaktowych)<\/li>\n<\/ul>\n<p>Gromadzone informacje dotycz\u0105: IP, typu wykorzystywanej przegl\u0105darki, j\u0119zyka, rodzaju systemu operacyjnego, dostawcy us\u0142ug internetowych, informacji o&nbsp;czasie i&nbsp;dacie, lokalizacji oraz informacji przesy\u0142anych do serwisu za po\u015brednictwem formularza kontaktowego (imi\u0119 i&nbsp;nazwisko adres e-mail, tre\u015b\u0107 wiadomo\u015bci, nazw\u0119 firmy).<\/p>\n<p>Dane osobowe gromadzone przez Administratora danych przechowywane s\u0105 przez okres do czasu odwo\u0142ania zgody na przetwarzanie.<\/p>\n<p>Decyzje dotycz\u0105ce danych osobowych U\u017cytkownik\u00f3w nie b\u0119d\u0105 podejmowane w&nbsp;spos\u00f3b zautomatyzowany.<\/p>\n<p>&nbsp;<\/p>\n<h3 style=\"text-transform: uppercase;\">IV. Udost\u0119pnianie danych<\/h3>\n<p>Dane podlegaj\u0105 udost\u0119pnieniu podmiotom zewn\u0119trznym wy\u0142\u0105cznie w&nbsp;granicach prawnie dozwolonych. Administrator mo\u017ce mie\u0107 obowi\u0105zek udzielania informacji zebranych przez Serwis upowa\u017cnionym organom na podstawie zgodnych z&nbsp;prawem \u017c\u0105da\u0144 w&nbsp;zakresie wynikaj\u0105cym z&nbsp;\u017c\u0105dania.<\/p>\n<p>&nbsp;<\/p>\n<h3 style=\"text-transform: uppercase;\">V. Bezpiecze\u0144stwo<\/h3>\n<p>Dost\u0119p do danych maj\u0105 jedynie osoby upowa\u017cnione i&nbsp;jedynie w&nbsp;zakresie, w&nbsp;jakim jest to niezb\u0119dne ze wzgl\u0119du na wykonywane przez nie zadania. Dbamy o&nbsp;bezpiecze\u0144stwo danych, w&nbsp;tym celu u\u017cywany jest m.in. bezpieczny protok\u00f3\u0142 szyfrowania komunikacji (SSL).<\/p>\n<p>&nbsp;<\/p>\n<h3 style=\"text-transform: uppercase;\">VI.Uprawnienia U\u017cytkownika. Dane kontaktowe Administratora danych osobowych.<\/h3>\n<p>U\u017cytkownikowi przys\u0142uguje prawo dost\u0119pu do tre\u015bci swoich danych i&nbsp;mo\u017cliwo\u015bci ich poprawiania, prawo do ograniczenia przetwarzania, wniesienia sprzeciwu wobec przetwarzania, przenoszenia danych, a&nbsp;tak\u017ce prawo wycofania wyra\u017conych zg\u00f3d bez podania przyczyny, kontaktuj\u0105c si\u0119 w&nbsp;tym celu z&nbsp;Savangard Sp. z&nbsp;o.o. z&nbsp;wykorzystaniem poczty e-mail na adres: gdpr@savangard.com lub korespondencyjnie, pod adresem: Savangard Sp. z&nbsp;o.o. z&nbsp;siedzib\u0105 w&nbsp;Warszawie przy Al. Jerozolimskie 132, 02-305 Warszawa, z&nbsp;dopiskiem \u201eDane osobowe\u201d. U\u017cytkownik posiada prawo do wniesienia skargi do Prezesa Urz\u0119du Ochrony Danych Osobowego jako organu nadzorczego.<\/p>\n<p>&nbsp;<\/p>\n<h3 style=\"text-transform: uppercase;\">VII. Postanowienia ko\u0144cowe<\/h3>\n<p>Administrator zastrzega prawo do zmiany w&nbsp;niniejszej Polityce Ochrony Prywatno\u015bci, na kt\u00f3re mo\u017ce wp\u0142yn\u0105\u0107 rozw\u00f3j technologii internetowej, ewentualne zmiany prawa w&nbsp;zakresie ochrony danych osobowych oraz serwisu internetowego. O wszelkich zmianach b\u0119dziemy informowa\u0107 w&nbsp;spos\u00f3b widoczny i&nbsp;zrozumia\u0142y.<\/p>\n\n        <\/div>\n      <\/div>\n    <\/div>\n  <\/div>\n<\/section>\n\n","protected":false},"excerpt":{"rendered":"","protected":false},"author":1,"featured_media":0,"parent":0,"menu_order":0,"comment_status":"closed","ping_status":"closed","template":"","meta":{"_acf_changed":false,"inline_featured_image":false,"footnotes":""},"tags":[],"class_list":["post-3","page","type-page","status-publish","hentry"],"acf":[],"yoast_head":"<!-- This site is optimized with the Yoast SEO plugin v26.9 - https:\/\/yoast.com\/product\/yoast-seo-wordpress\/ -->\n<title>Polityka prywatno\u015bci - Savangard<\/title>\n<meta name=\"description\" content=\"Polityka prywatno\u015bci Savangard \u2013 dowiedz si\u0119, jak chronimy dane u\u017cytkownik\u00f3w, nasze zasady przetwarzania informacji i obowi\u0105zki wobec odwiedzaj\u0105cych stron\u0119.\" \/>\n<meta name=\"robots\" content=\"index, follow, max-snippet:-1, max-image-preview:large, max-video-preview:-1\" \/>\n<link rel=\"canonical\" href=\"https:\/\/savangard.com\/pl\/polityka-prywatnosci\/\" \/>\n<meta property=\"og:locale\" content=\"pl_PL\" \/>\n<meta property=\"og:type\" content=\"article\" \/>\n<meta property=\"og:title\" content=\"Polityka prywatno\u015bci - Savangard\" \/>\n<meta property=\"og:description\" content=\"Polityka prywatno\u015bci Savangard \u2013 dowiedz si\u0119, jak chronimy dane u\u017cytkownik\u00f3w, nasze zasady przetwarzania informacji i obowi\u0105zki wobec odwiedzaj\u0105cych stron\u0119.\" \/>\n<meta property=\"og:url\" content=\"https:\/\/savangard.com\/pl\/polityka-prywatnosci\/\" \/>\n<meta property=\"og:site_name\" content=\"Savangard\" \/>\n<meta property=\"article:modified_time\" content=\"2026-01-29T10:45:16+00:00\" \/>\n<meta name=\"twitter:card\" content=\"summary_large_image\" \/>\n<script type=\"application\/ld+json\" class=\"yoast-schema-graph\">{\"@context\":\"https:\/\/schema.org\",\"@graph\":[{\"@type\":\"WebPage\",\"@id\":\"https:\/\/savangard.com\/pl\/polityka-prywatnosci\/\",\"url\":\"https:\/\/savangard.com\/pl\/polityka-prywatnosci\/\",\"name\":\"Polityka prywatno\u015bci - Savangard\",\"isPartOf\":{\"@id\":\"https:\/\/savangard.com\/#website\"},\"datePublished\":\"2022-02-21T11:10:13+00:00\",\"dateModified\":\"2026-01-29T10:45:16+00:00\",\"description\":\"Polityka prywatno\u015bci Savangard \u2013 dowiedz si\u0119, jak chronimy dane u\u017cytkownik\u00f3w, nasze zasady przetwarzania informacji i obowi\u0105zki wobec odwiedzaj\u0105cych stron\u0119.\",\"breadcrumb\":{\"@id\":\"https:\/\/savangard.com\/pl\/polityka-prywatnosci\/#breadcrumb\"},\"inLanguage\":\"pl-PL\",\"potentialAction\":[{\"@type\":\"ReadAction\",\"target\":[\"https:\/\/savangard.com\/pl\/polityka-prywatnosci\/\"]}]},{\"@type\":\"BreadcrumbList\",\"@id\":\"https:\/\/savangard.com\/pl\/polityka-prywatnosci\/#breadcrumb\",\"itemListElement\":[{\"@type\":\"ListItem\",\"position\":1,\"name\":\"Home\",\"item\":\"https:\/\/savangard.com\/pl\/\"},{\"@type\":\"ListItem\",\"position\":2,\"name\":\"Polityka prywatno\u015bci\"}]},{\"@type\":\"WebSite\",\"@id\":\"https:\/\/savangard.com\/#website\",\"url\":\"https:\/\/savangard.com\/\",\"name\":\"Savangard\",\"description\":\"\",\"potentialAction\":[{\"@type\":\"SearchAction\",\"target\":{\"@type\":\"EntryPoint\",\"urlTemplate\":\"https:\/\/savangard.com\/?s={search_term_string}\"},\"query-input\":{\"@type\":\"PropertyValueSpecification\",\"valueRequired\":true,\"valueName\":\"search_term_string\"}}],\"inLanguage\":\"pl-PL\"}]}<\/script>\n<!-- \/ Yoast SEO plugin. -->","yoast_head_json":{"title":"Polityka prywatno\u015bci - Savangard","description":"Polityka prywatno\u015bci Savangard \u2013 dowiedz si\u0119, jak chronimy dane u\u017cytkownik\u00f3w, nasze zasady przetwarzania informacji i obowi\u0105zki wobec odwiedzaj\u0105cych stron\u0119.","robots":{"index":"index","follow":"follow","max-snippet":"max-snippet:-1","max-image-preview":"max-image-preview:large","max-video-preview":"max-video-preview:-1"},"canonical":"https:\/\/savangard.com\/pl\/polityka-prywatnosci\/","og_locale":"pl_PL","og_type":"article","og_title":"Polityka prywatno\u015bci - Savangard","og_description":"Polityka prywatno\u015bci Savangard \u2013 dowiedz si\u0119, jak chronimy dane u\u017cytkownik\u00f3w, nasze zasady przetwarzania informacji i obowi\u0105zki wobec odwiedzaj\u0105cych stron\u0119.","og_url":"https:\/\/savangard.com\/pl\/polityka-prywatnosci\/","og_site_name":"Savangard","article_modified_time":"2026-01-29T10:45:16+00:00","twitter_card":"summary_large_image","schema":{"@context":"https:\/\/schema.org","@graph":[{"@type":"WebPage","@id":"https:\/\/savangard.com\/pl\/polityka-prywatnosci\/","url":"https:\/\/savangard.com\/pl\/polityka-prywatnosci\/","name":"Polityka prywatno\u015bci - Savangard","isPartOf":{"@id":"https:\/\/savangard.com\/#website"},"datePublished":"2022-02-21T11:10:13+00:00","dateModified":"2026-01-29T10:45:16+00:00","description":"Polityka prywatno\u015bci Savangard \u2013 dowiedz si\u0119, jak chronimy dane u\u017cytkownik\u00f3w, nasze zasady przetwarzania informacji i obowi\u0105zki wobec odwiedzaj\u0105cych stron\u0119.","breadcrumb":{"@id":"https:\/\/savangard.com\/pl\/polityka-prywatnosci\/#breadcrumb"},"inLanguage":"pl-PL","potentialAction":[{"@type":"ReadAction","target":["https:\/\/savangard.com\/pl\/polityka-prywatnosci\/"]}]},{"@type":"BreadcrumbList","@id":"https:\/\/savangard.com\/pl\/polityka-prywatnosci\/#breadcrumb","itemListElement":[{"@type":"ListItem","position":1,"name":"Home","item":"https:\/\/savangard.com\/pl\/"},{"@type":"ListItem","position":2,"name":"Polityka prywatno\u015bci"}]},{"@type":"WebSite","@id":"https:\/\/savangard.com\/#website","url":"https:\/\/savangard.com\/","name":"Savangard","description":"","potentialAction":[{"@type":"SearchAction","target":{"@type":"EntryPoint","urlTemplate":"https:\/\/savangard.com\/?s={search_term_string}"},"query-input":{"@type":"PropertyValueSpecification","valueRequired":true,"valueName":"search_term_string"}}],"inLanguage":"pl-PL"}]}},"_links":{"self":[{"href":"https:\/\/savangard.com\/pl\/wp-json\/wp\/v2\/pages\/3","targetHints":{"allow":["GET"]}}],"collection":[{"href":"https:\/\/savangard.com\/pl\/wp-json\/wp\/v2\/pages"}],"about":[{"href":"https:\/\/savangard.com\/pl\/wp-json\/wp\/v2\/types\/page"}],"author":[{"embeddable":true,"href":"https:\/\/savangard.com\/pl\/wp-json\/wp\/v2\/users\/1"}],"replies":[{"embeddable":true,"href":"https:\/\/savangard.com\/pl\/wp-json\/wp\/v2\/comments?post=3"}],"version-history":[{"count":45,"href":"https:\/\/savangard.com\/pl\/wp-json\/wp\/v2\/pages\/3\/revisions"}],"predecessor-version":[{"id":6776,"href":"https:\/\/savangard.com\/pl\/wp-json\/wp\/v2\/pages\/3\/revisions\/6776"}],"wp:attachment":[{"href":"https:\/\/savangard.com\/pl\/wp-json\/wp\/v2\/media?parent=3"}],"wp:term":[{"taxonomy":"post_tag","embeddable":true,"href":"https:\/\/savangard.com\/pl\/wp-json\/wp\/v2\/tags?post=3"}],"curies":[{"name":"wp","href":"https:\/\/api.w.org\/{rel}","templated":true}]}}